{"id":10086,"date":"2024-08-25T12:48:15","date_gmt":"2024-08-25T12:48:15","guid":{"rendered":"https:\/\/egyptcapitaltravel.com\/?post_type=product&#038;p=10086"},"modified":"2024-09-26T12:14:53","modified_gmt":"2024-09-26T12:14:53","slug":"marine-marvels-group-snorkeling-adventure-in-marsa-alam","status":"publish","type":"product","link":"https:\/\/old.egyptcapitaltravel.com\/tours\/marine-marvels-group-snorkeling-adventure-in-marsa-alam","title":{"rendered":"Maravillas Marinas: Aventura de Snorkel en Grupo en Marsa Alam"},"content":{"rendered":"<div class=\"elementor-element elementor-element-6b3c965d elementor-widget elementor-widget-heading\" data-id=\"6b3c965d\" data-element_type=\"widget\" data-widget_type=\"heading.default\">\n<h2 class=\"elementor-widget-container\">Descripci\u00f3n general<\/h2>\n<\/div>\n<div class=\"elementor-element elementor-element-1736b6dc elementor-widget elementor-widget-text-editor\" data-id=\"1736b6dc\" data-element_type=\"widget\" data-widget_type=\"text-editor.default\">\n<div class=\"elementor-widget-container\">\n<p>Imagine dipping beneath the sparkling surface of the Red Sea, discovering a world of vibrant coral reefs, playful dolphins, and mesmerising marine life. That&#8217;s exactly what awaits you on a group <a href=\"https:\/\/egyptcapitaltravel.com\/product\/exclusive-escape-private-snorkeling-sea-trip-in-sharm-el-sheikh\/\" target=\"_blank\" rel=\"noopener noreferrer nofollow\">snorkelling<\/a> adventure in Marsa Alam, a hidden gem along Egypt&rsquo;s Red Sea coast. <a href=\"https:\/\/en.wikipedia.org\/wiki\/Marsa_Alam\" target=\"_blank\" rel=\"noopener noreferrer nofollow\">Marsa Alam<\/a> is renowned for its untouched beauty, making it a snorkelling haven for those who crave both adventure and serenity.<\/p>\n<p>The experience begins with a scenic boat ride, where the calm blue waters beckon you to explore the marine wonders below. With expert guides leading the way, even beginners can feel confident venturing into the sea. The reefs here are teeming with life &ndash; expect to encounter colourful schools of fish, graceful sea turtles, and maybe even a curious dugong or two, a rare sight in these waters.<\/p>\n<p>This group snorkelling trip is not just about the underwater sights &ndash; it&rsquo;s also a chance to connect with fellow travellers, share your experiences, and relax under the warm Egyptian sun. The day is thoughtfully planned, with breaks to soak in the scenery, chat with your group, and enjoy some refreshments.<\/p>\n<p>And what could be better than ending the day with the golden hues of the sunset reflecting on the water, as you return to shore with unforgettable memories of Marsa Alam&#8217;s underwater marvels? Whether you&rsquo;re a seasoned snorkeller or a first-timer, this adventure offers the perfect mix of exploration, relaxation, and camaraderie.<\/p>\n<p>So, pack your snorkelling gear (or rent some locally!) and prepare for an epic day of marine discovery. What more could you want from an Egyptian seaside escape?<\/p>\n<\/div>\n<\/div>\n<div class=\"elementor-element elementor-element-aa50cb4 elementor-widget elementor-widget-heading\" data-id=\"aa50cb4\" data-element_type=\"widget\" data-widget_type=\"heading.default\">\n<h2 class=\"elementor-widget-container\">Note<strong>:<\/strong><\/h2>\n<\/div>\n<div class=\"elementor-element elementor-element-802e00a elementor-widget elementor-widget-text-editor\" data-id=\"802e00a\" data-element_type=\"widget\" data-widget_type=\"text-editor.default\">\n<div class=\"elementor-widget-container\">\n<p class=\"translation-block\"><strong>Comfortable Shoes:<\/strong>&nbsp;With all the walking and sightseeing you\u2019ll be doing, comfortable shoes are a must! Opt for sturdy footwear to keep your feet happy throughout your journey.<\/p>\n<p class=\"translation-block\"><strong>Sunglasses:<\/strong>&nbsp;The Egyptian sun can be quite intense, especially during the daytime. Protect your eyes and stay cool with a stylish pair of sunglasses.<\/p>\n<p class=\"translation-block\"><strong>Hat:<\/strong>&nbsp;Shield yourself from the sun\u2019s rays by wearing a hat. Not only does it provide extra protection, but it also adds a touch of style to your ensemble.<\/p>\n<div class=\"elementor-element elementor-element-7ce4883b elementor-widget elementor-widget-heading\" data-id=\"7ce4883b\" data-element_type=\"widget\" data-widget_type=\"heading.default\">\n<div class=\"elementor-widget-container\">\n<div class=\"elementor-element elementor-element-3ae08fc7 elementor-widget elementor-widget-heading\" data-id=\"3ae08fc7\" data-element_type=\"widget\" data-widget_type=\"heading.default\">\n<h2 class=\"elementor-widget-container\">Incluido:<\/h2>\n<\/div>\n<div class=\"elementor-element elementor-element-c380bcd elementor-widget elementor-widget-text-editor\" data-id=\"c380bcd\" data-element_type=\"widget\" data-widget_type=\"text-editor.default\">\n<div class=\"elementor-widget-container\">\n<ul>\n<li class=\"translation-block\">Traslados Privados: Viaja con total comodidad en traslados privados con aire acondicionado, desde y hacia el aeropuerto, as\u00ed como entre tu alojamiento y los sitios tur\u00edsticos.<\/li>\n<li class=\"translation-block\">\u2714 Bebidas Incluidas: Mantente fresco e hidratado con agua embotellada proporcionada durante tus tours, garantizando tu comodidad bajo el sol egipcio.<\/li>\n<li class=\"translation-block\">\u2714 Precio Todo Incluido: Todos los impuestos y cargos por servicio est\u00e1n incluidos en el precio de tu tour, garantizando una experiencia de viaje transparente y sin costos inesperados.<\/li>\n<\/ul>\n<div class=\"interary-item\">\n<div class=\"item_content\">\n<div class=\"elementor-element elementor-element-e020572 elementor-widget elementor-widget-heading\" data-id=\"e020572\" data-element_type=\"widget\" data-widget_type=\"heading.default\">\n<div class=\"elementor-widget-container\">\n<h2 class=\"elementor-heading-title elementor-size-default\">No incluido<\/h2>\n<\/div>\n<\/div>\n<div class=\"elementor-element elementor-element-864282a elementor-widget elementor-widget-text-editor\" data-id=\"864282a\" data-element_type=\"widget\" data-widget_type=\"text-editor.default\">\n<div class=\"elementor-widget-container\">\n<div class=\"elementor-element elementor-element-9f8afd5 elementor-widget elementor-widget-text-editor\" data-id=\"9f8afd5\" data-element_type=\"widget\" data-widget_type=\"text-editor.default\">\n<div class=\"elementor-widget-container\">\n<ul>\n<li class=\"translation-block\">\u2714 Tours Opcionales: Cualquier tour fuera del itinerario, incluidas excursiones especiales y exploraciones personales, no est\u00e1 incluido y puede reservarse por un costo adicional.<\/li>\n<li class=\"translation-block\">\u2714 Gastos Personales: Los gastos en art\u00edculos personales, souvenirs, bebidas adicionales y otras compras individuales no est\u00e1n incluidos.<\/li>\n<li class=\"translation-block\">\u2714 Propinas: Las gratificaciones para gu\u00edas tur\u00edsticos, personal de crucero y conductores no est\u00e1n incluidas y quedan a tu discreci\u00f3n, seg\u00fan el servicio recibido.<\/li>\n<li class=\"translation-block\">\u2714 Seguro de Viaje: El seguro de viaje no est\u00e1 incluido en tu paquete, pero es fundamental contar con una cobertura completa. Te proteger\u00e1 ante imprevistos, emergencias m\u00e9dicas y cancelaciones de viaje. \u00a1Viaja seguro y sin preocupaciones!<\/li>\n<\/ul>\n<\/div>\n<\/div>\n<\/div>\n<\/div>\n<\/div>\n<\/div>\n<\/div>\n<\/div>\n<\/div>\n<\/div>\n<\/div>\n<\/div>","protected":false},"excerpt":{"rendered":"<p>\nDescripci\u00f3n general<\/p>\n<p>Imagine dipping beneath the sparkling surface of the Red Sea, discovering a world of vibrant coral reefs, playful dolphins, and mesmerising marine life. That&#8217;s exactly <\/p>","protected":false},"featured_media":10087,"comment_status":"open","ping_status":"closed","template":"","meta":[],"product_brand":[],"product_cat":[15],"product_tag":[],"class_list":{"0":"post-10086","1":"product","2":"type-product","3":"status-publish","4":"has-post-thumbnail","6":"tour_phys-marsa-alam-day-tours","7":"product_cat-uncategorized","9":"first","10":"instock","11":"sale","12":"shipping-taxable","13":"purchasable","14":"product-type-tour_phys"},"_links":{"self":[{"href":"https:\/\/old.egyptcapitaltravel.com\/es\/wp-json\/wp\/v2\/product\/10086","targetHints":{"allow":["GET"]}}],"collection":[{"href":"https:\/\/old.egyptcapitaltravel.com\/es\/wp-json\/wp\/v2\/product"}],"about":[{"href":"https:\/\/old.egyptcapitaltravel.com\/es\/wp-json\/wp\/v2\/types\/product"}],"replies":[{"embeddable":true,"href":"https:\/\/old.egyptcapitaltravel.com\/es\/wp-json\/wp\/v2\/comments?post=10086"}],"wp:featuredmedia":[{"embeddable":true,"href":"https:\/\/old.egyptcapitaltravel.com\/es\/wp-json\/wp\/v2\/media\/10087"}],"wp:attachment":[{"href":"https:\/\/old.egyptcapitaltravel.com\/es\/wp-json\/wp\/v2\/media?parent=10086"}],"wp:term":[{"taxonomy":"product_brand","embeddable":true,"href":"https:\/\/old.egyptcapitaltravel.com\/es\/wp-json\/wp\/v2\/product_brand?post=10086"},{"taxonomy":"product_cat","embeddable":true,"href":"https:\/\/old.egyptcapitaltravel.com\/es\/wp-json\/wp\/v2\/product_cat?post=10086"},{"taxonomy":"product_tag","embeddable":true,"href":"https:\/\/old.egyptcapitaltravel.com\/es\/wp-json\/wp\/v2\/product_tag?post=10086"}],"curies":[{"name":"wp","href":"https:\/\/api.w.org\/{rel}","templated":true}]}}