{"id":11229,"date":"2024-09-28T14:37:50","date_gmt":"2024-09-28T14:37:50","guid":{"rendered":"https:\/\/egyptcapitaltravel.com\/?post_type=product&#038;p=11229"},"modified":"2024-09-28T14:42:40","modified_gmt":"2024-09-28T14:42:40","slug":"essential-cairo-tour-explore-the-pyramids-nile-and-historic-treasures","status":"publish","type":"product","link":"https:\/\/old.egyptcapitaltravel.com\/tours\/essential-cairo-tour-explore-the-pyramids-nile-and-historic-treasures","title":{"rendered":"Tour Esencial por El Cairo: Explora las Pir\u00e1mides, el Nilo y los Tesoros Hist\u00f3ricos"},"content":{"rendered":"<p>Descubre la Esencia de El Cairo con Este Tour de Cuatro D\u00edas Sum\u00e9rgete en la magia de El Cairo con este recorrido de cuatro d\u00edas que combina a la perfecci\u00f3n maravillas antiguas con lujos modernos. Desde las imponentes Pir\u00e1mides de Guiza y la eterna Esfinge hasta las vibrantes calles del Cairo Isl\u00e1mico y la serenidad del Nilo, este tour ofrece una visi\u00f3n completa del fascinante pasado y el din\u00e1mico presente de Egipto.  \n\nExplora los tesoros del Museo Egipcio, pasea por el coraz\u00f3n espiritual del Cairo Copto y del\u00e9itate con la aut\u00e9ntica gastronom\u00eda egipcia mientras te maravillas con los impresionantes paisajes y sonidos de la ciudad.<\/p>\n<p>Perfecto para viajeros que desean descubrir los ic\u00f3nicos monumentos, los tesoros culturales y la rica historia de El Cairo, este tour ofrece el equilibrio ideal entre exploraci\u00f3n, relajaci\u00f3n y comodidad moderna.<\/p>\n<h3><strong>Incluye:<\/strong><\/h3>\n<ul>\n<li>Traslados privados de ida y vuelta al Aeropuerto Internacional de El Cairo<\/li>\n<li>3 noches de alojamiento en un hotel de lujo (ej. Four Seasons Nile Plaza o Kempinski Nile Hotel)<\/li>\n<li>Tours guiados por las Grandes Pir\u00e1mides, la Esfinge, Saqqara, Menfis, el Museo Egipcio, la Ciudadela de Saladino y el Cairo Copto.<\/li>\n<li>Crucero con cena por el r\u00edo Nilo<\/li>\n<li>Entrance fees to all mentioned sites<\/li>\n<li>Daily breakfast and two lunches at select Egyptian restaurants<\/li>\n<\/ul>\n<h3><strong>Exclusions:<\/strong><\/h3>\n<ul>\n<li>International flights to\/from Cairo<\/li>\n<li>Gastos personales (compras, comidas adicionales, etc.)<\/li>\n<li>Seguro de viaje (altamente recomendado)<\/li>\n<li>Excursiones opcionales (por ejemplo, Espect\u00e1culo de Luz y Sonido en las Pir\u00e1mides, Excursi\u00f3n de un d\u00eda a Alejandr\u00eda)<\/li>\n<li>Propinas para gu\u00edas y conductores<\/li>\n<\/ul>","protected":false},"excerpt":{"rendered":"<p>Uncover the essence of Cairo with this immersive four-day tour that seamlessly blends ancient wonders with modern luxuries. From the towering Pyramids of Giza and the timeless Sphinx to the <\/p>","protected":false},"featured_media":11200,"comment_status":"open","ping_status":"closed","template":"","meta":[],"product_brand":[],"product_cat":[15],"product_tag":[],"class_list":{"0":"post-11229","1":"product","2":"type-product","3":"status-publish","4":"has-post-thumbnail","6":"tour_phys-egypt-classic-packages","7":"product_cat-uncategorized","9":"first","10":"instock","11":"shipping-taxable","12":"product-type-tour_phys"},"_links":{"self":[{"href":"https:\/\/old.egyptcapitaltravel.com\/es\/wp-json\/wp\/v2\/product\/11229","targetHints":{"allow":["GET"]}}],"collection":[{"href":"https:\/\/old.egyptcapitaltravel.com\/es\/wp-json\/wp\/v2\/product"}],"about":[{"href":"https:\/\/old.egyptcapitaltravel.com\/es\/wp-json\/wp\/v2\/types\/product"}],"replies":[{"embeddable":true,"href":"https:\/\/old.egyptcapitaltravel.com\/es\/wp-json\/wp\/v2\/comments?post=11229"}],"wp:featuredmedia":[{"embeddable":true,"href":"https:\/\/old.egyptcapitaltravel.com\/es\/wp-json\/wp\/v2\/media\/11200"}],"wp:attachment":[{"href":"https:\/\/old.egyptcapitaltravel.com\/es\/wp-json\/wp\/v2\/media?parent=11229"}],"wp:term":[{"taxonomy":"product_brand","embeddable":true,"href":"https:\/\/old.egyptcapitaltravel.com\/es\/wp-json\/wp\/v2\/product_brand?post=11229"},{"taxonomy":"product_cat","embeddable":true,"href":"https:\/\/old.egyptcapitaltravel.com\/es\/wp-json\/wp\/v2\/product_cat?post=11229"},{"taxonomy":"product_tag","embeddable":true,"href":"https:\/\/old.egyptcapitaltravel.com\/es\/wp-json\/wp\/v2\/product_tag?post=11229"}],"curies":[{"name":"wp","href":"https:\/\/api.w.org\/{rel}","templated":true}]}}