{"id":9887,"date":"2024-08-25T09:35:23","date_gmt":"2024-08-25T09:35:23","guid":{"rendered":"https:\/\/egyptcapitaltravel.com\/?post_type=product&#038;p=9887"},"modified":"2024-08-28T17:29:55","modified_gmt":"2024-08-28T17:29:55","slug":"temples-of-time-group-day-tour-to-abu-simble-temples","status":"publish","type":"product","link":"https:\/\/old.egyptcapitaltravel.com\/tours\/temples-of-time-group-day-tour-to-abu-simble-temples","title":{"rendered":"Temples of Time: Group Day Tour to Abu Simble Temples"},"content":{"rendered":"<div class=\"elementor-element elementor-element-6b3c965d elementor-widget elementor-widget-heading\" data-id=\"6b3c965d\" data-element_type=\"widget\" data-widget_type=\"heading.default\">\n<div class=\"elementor-widget-container\">\n<h2 class=\"elementor-heading-title elementor-size-default\">Descripci\u00f3n general<\/h2>\n<\/div>\n<\/div>\n<div class=\"elementor-element elementor-element-1736b6dc elementor-widget elementor-widget-text-editor\" data-id=\"1736b6dc\" data-element_type=\"widget\" data-widget_type=\"text-editor.default\">\n<div class=\"elementor-widget-container\">\n<p><strong>Temples of Time: Abu Simbel Temples Day Tour<\/strong>Embark on a journey back through the ages with our \u201cTemples of Time\u201d day tour to the iconic\u00a0Abu Simbel\u00a0Temples. This awe-inspiring excursion transports you to an ancient world of divine majesty and architectural marvel. Located at the southern edge of Egypt, the twin temples of Abu Simbel stand as enduring testaments to the pharaohs\u2019 grandeur and the intricate artistry of ancient craftsmen. Your day will be filled with captivating stories of gods and pharaohs, as you stand in the shadows of colossal statues and intricate carvings that have watched over the\u00a0Nubian\u00a0landscape for millennia. This tour is not just a trip; it\u2019s a plunge into the heart of Egypt\u2019s majestic past.<\/p>\n<\/div>\n<\/div>\n<div class=\"elementor-element elementor-element-aa50cb4 elementor-widget elementor-widget-heading\" data-id=\"aa50cb4\" data-element_type=\"widget\" data-widget_type=\"heading.default\">\n<div class=\"elementor-widget-container\">\n<h2 class=\"elementor-heading-title elementor-size-default\">Nota:<\/h2>\n<\/div>\n<\/div>\n<div class=\"elementor-element elementor-element-802e00a elementor-widget elementor-widget-text-editor\" data-id=\"802e00a\" data-element_type=\"widget\" data-widget_type=\"text-editor.default\">\n<div class=\"elementor-widget-container\">\n<p><strong>Comfortable Walking Shoes<\/strong>: The terrain can be uneven, and there\u2019s a lot to explore! Comfortable shoes will make your journey much more enjoyable.<br \/>\n<strong>Sunglasses and Ha<\/strong>t: Protect yourself from the intense sun with a good pair of sunglasses and a hat. They\u2019re not just functional but can also be stylish accessories.<br \/>\n<strong>Water Bottle:<\/strong>\u00a0Staying hydrated is crucial, especially in the warm climate. Carry a water bottle with you to keep your water intake up throughout the day.<\/p>\n<\/div>\n<\/div>\n<div class=\"elementor-element elementor-element-3ae08fc7 elementor-widget elementor-widget-heading\" data-id=\"3ae08fc7\" data-element_type=\"widget\" data-widget_type=\"heading.default\">\n<div class=\"elementor-widget-container\">\n<h2 class=\"elementor-heading-title elementor-size-default\">Incluido:<\/h2>\n<\/div>\n<\/div>\n<div class=\"elementor-element elementor-element-c380bcd elementor-widget elementor-widget-text-editor\" data-id=\"c380bcd\" data-element_type=\"widget\" data-widget_type=\"text-editor.default\">\n<div class=\"elementor-widget-container\">\n<ul>\n<li><strong>Personalized Airport Welcome<\/strong>: Start your Egypt adventure with a warm greeting from our friendly representatives at the airport. They will ensure a seamless beginning to your exploration of ancient wonders.<\/li>\n<li class=\"translation-block\">Traslados Privados: Viaja con total comodidad en traslados privados con aire acondicionado, desde y hacia el aeropuerto, as\u00ed como entre tu alojamiento y los sitios tur\u00edsticos.<\/li>\n<li><strong>Expert English-Speaking Guides<\/strong>: Our professional guides are fluent in English and possess deep knowledge of Egyptology, ensuring you receive a rich educational experience as you explore.<\/li>\n<li><strong>Comprehensive Entrance Fees<\/strong>: Gain seamless access to all sites listed in your itinerary without any hidden costs. We handle all entrance fees so you can focus on enjoying your journey.<\/li>\n<li class=\"translation-block\">\u2714 Bebidas Incluidas: Mantente fresco e hidratado con agua embotellada proporcionada durante tus tours, garantizando tu comodidad bajo el sol egipcio.<\/li>\n<li class=\"translation-block\">\u2714 Precio Todo Incluido: Todos los impuestos y cargos por servicio est\u00e1n incluidos en el precio de tu tour, garantizando una experiencia de viaje transparente y sin costos inesperados.<\/li>\n<\/ul>\n<\/div>\n<\/div>\n<div class=\"elementor-element elementor-element-e020572 elementor-widget elementor-widget-heading\" data-id=\"e020572\" data-element_type=\"widget\" data-widget_type=\"heading.default\">\n<div class=\"elementor-widget-container\">\n<h2 class=\"elementor-heading-title elementor-size-default\">No incluido<\/h2>\n<\/div>\n<\/div>\n<div class=\"elementor-element elementor-element-864282a elementor-widget elementor-widget-text-editor\" data-id=\"864282a\" data-element_type=\"widget\" data-widget_type=\"text-editor.default\">\n<div class=\"elementor-widget-container\">\n<ul>\n<li class=\"translation-block\">\u2714 Tours Opcionales: Cualquier tour fuera del itinerario, incluidas excursiones especiales y exploraciones personales, no est\u00e1 incluido y puede reservarse por un costo adicional.<\/li>\n<li class=\"translation-block\">\u2714 Gastos Personales: Los gastos en art\u00edculos personales, souvenirs, bebidas adicionales y otras compras individuales no est\u00e1n incluidos.<\/li>\n<li class=\"translation-block\">\u2714 Propinas: Las gratificaciones para gu\u00edas tur\u00edsticos, personal de crucero y conductores no est\u00e1n incluidas y quedan a tu discreci\u00f3n, seg\u00fan el servicio recibido.<\/li>\n<li class=\"translation-block\">\u2714 Seguro de Viaje: El seguro de viaje no est\u00e1 incluido en tu paquete, pero es fundamental contar con una cobertura completa. Te proteger\u00e1 ante imprevistos, emergencias m\u00e9dicas y cancelaciones de viaje. \u00a1Viaja seguro y sin preocupaciones!<\/li>\n<\/ul>\n<\/div>\n<\/div>\n<div class=\"elementor-element elementor-element-e64e12e elementor-widget elementor-widget-heading\" data-id=\"e64e12e\" data-element_type=\"widget\" data-widget_type=\"heading.default\">\n<div class=\"elementor-widget-container\"><\/div>\n<\/div>\n<div class=\"elementor-element elementor-element-19c91bf elementor-widget elementor-widget-text-editor\" data-id=\"19c91bf\" data-element_type=\"widget\" data-widget_type=\"text-editor.default\"><\/div>","protected":false},"excerpt":{"rendered":"<p>Descripci\u00f3n general<\/p>\n<p>\nTemples of Time: Abu Simbel Temples Day TourEmbark on a journey back through the ages with our \u201cTemples of Time\u201d day tour to <\/p>","protected":false},"featured_media":9892,"comment_status":"open","ping_status":"closed","template":"","meta":[],"product_brand":[],"product_cat":[15],"product_tag":[],"class_list":{"0":"post-9887","1":"product","2":"type-product","3":"status-publish","4":"has-post-thumbnail","6":"tour_phys-abu-simbel-exploration","7":"product_cat-uncategorized","9":"first","10":"instock","11":"sale","12":"shipping-taxable","13":"purchasable","14":"product-type-tour_phys"},"_links":{"self":[{"href":"https:\/\/old.egyptcapitaltravel.com\/es\/wp-json\/wp\/v2\/product\/9887","targetHints":{"allow":["GET"]}}],"collection":[{"href":"https:\/\/old.egyptcapitaltravel.com\/es\/wp-json\/wp\/v2\/product"}],"about":[{"href":"https:\/\/old.egyptcapitaltravel.com\/es\/wp-json\/wp\/v2\/types\/product"}],"replies":[{"embeddable":true,"href":"https:\/\/old.egyptcapitaltravel.com\/es\/wp-json\/wp\/v2\/comments?post=9887"}],"wp:featuredmedia":[{"embeddable":true,"href":"https:\/\/old.egyptcapitaltravel.com\/es\/wp-json\/wp\/v2\/media\/9892"}],"wp:attachment":[{"href":"https:\/\/old.egyptcapitaltravel.com\/es\/wp-json\/wp\/v2\/media?parent=9887"}],"wp:term":[{"taxonomy":"product_brand","embeddable":true,"href":"https:\/\/old.egyptcapitaltravel.com\/es\/wp-json\/wp\/v2\/product_brand?post=9887"},{"taxonomy":"product_cat","embeddable":true,"href":"https:\/\/old.egyptcapitaltravel.com\/es\/wp-json\/wp\/v2\/product_cat?post=9887"},{"taxonomy":"product_tag","embeddable":true,"href":"https:\/\/old.egyptcapitaltravel.com\/es\/wp-json\/wp\/v2\/product_tag?post=9887"}],"curies":[{"name":"wp","href":"https:\/\/api.w.org\/{rel}","templated":true}]}}