{"id":9904,"date":"2024-08-25T10:01:29","date_gmt":"2024-08-25T10:01:29","guid":{"rendered":"https:\/\/egyptcapitaltravel.com\/?post_type=product&#038;p=9904"},"modified":"2024-09-24T13:26:32","modified_gmt":"2024-09-24T13:26:32","slug":"gizas-grandeur-group-day-tour-of-the-pyramids-sphinx","status":"publish","type":"product","link":"https:\/\/old.egyptcapitaltravel.com\/tours\/gizas-grandeur-group-day-tour-of-the-pyramids-sphinx","title":{"rendered":"Giza&#8217;s Grandeur: Group day Tour of the Pyramids-Sphinx"},"content":{"rendered":"<div class=\"elementor-element elementor-element-6b3c965d elementor-widget elementor-widget-heading\" data-id=\"6b3c965d\" data-element_type=\"widget\" data-widget_type=\"heading.default\">\n<div class=\"elementor-widget-container\">\n<div class=\"elementor-element elementor-element-df8410d elementor-widget elementor-widget-heading\" data-id=\"df8410d\" data-element_type=\"widget\" data-widget_type=\"heading.default\">\n<div class=\"elementor-widget-container\">\n<h2 class=\"elementor-heading-title elementor-size-default\">Descripci\u00f3n general<\/h2>\n<\/div>\n<\/div>\n<div class=\"elementor-element elementor-element-688c1bd3 elementor-widget elementor-widget-text-editor\" data-id=\"688c1bd3\" data-element_type=\"widget\" data-widget_type=\"text-editor.default\">\n<div class=\"elementor-widget-container\">\n<p>Discover the timeless majesty of <a href=\"https:\/\/en.wikipedia.org\/wiki\/Egypt\" target=\"_blank\" rel=\"noopener noreferrer nofollow\">Egypt\u2019s<\/a> most iconic symbols on our\u00a0<strong>\u201cGiza\u2019s Grandeur: Group Day Tour of the Pyramids-Sphinx.\u201d<\/strong>\u00a0This captivating day tour invites you to walk in the footsteps of pharaohs and explore the monumental wonders of<a href=\"https:\/\/egyptcapitaltravel.com\/group-travel-packages\/egypt-family-holidays\/\" target=\"_blank\" rel=\"noopener noreferrer nofollow\"> the Great\u00a0Pyramids<\/a>\u00a0and the enigmatic\u00a0<a href=\"https:\/\/egyptcapitaltravel.com\/product\/gizas-grandeur-group-day-tour-of-the-pyramids-sphinx\/\" target=\"_blank\" rel=\"noopener noreferrer nofollow\">Sphinx<\/a>. As you stand at the foot of these ancient structures, you\u2019ll feel a connection to the past that is both profound and inspiring. Join us for an unforgettable journey into the heart of <a href=\"https:\/\/egyptcapitaltravel.com\/product\/10-day-marvelous-abu-simble-ancient-egypt-tour\/\" target=\"_blank\" rel=\"noopener noreferrer nofollow\">ancient Egypt<\/a>, where history\u2019s mysteries await you at every turn.<\/p>\n<\/div>\n<\/div>\n<div class=\"elementor-element elementor-element-7c339bd elementor-widget elementor-widget-heading\" data-id=\"7c339bd\" data-element_type=\"widget\" data-widget_type=\"heading.default\">\n<div class=\"elementor-widget-container\">\n<h2 class=\"elementor-heading-title elementor-size-default\"><b>Nota:<\/b><\/h2>\n<\/div>\n<\/div>\n<div class=\"elementor-element elementor-element-f7edfcf elementor-widget elementor-widget-text-editor\" data-id=\"f7edfcf\" data-element_type=\"widget\" data-widget_type=\"text-editor.default\">\n<div class=\"elementor-widget-container\">\n<p><strong>Comfortable Walking Shoes:<\/strong>\u00a0The terrain can be uneven, and there\u2019s a lot to explore! Comfortable shoes will make your journey much more enjoyable.<br \/>\n<strong>Sunglasses and Hat:<\/strong>\u00a0Protect yourself from the intense sun with a good pair of sunglasses and a hat. They\u2019re not just functional but can also be stylish accessories.<br \/>\n<strong>Water Bottle:<\/strong>\u00a0Staying hydrated is crucial, especially in the warm climate. Carry a water bottle with you to keep your water intake up throughout the day.<\/p>\n<\/div>\n<\/div>\n<div class=\"elementor-element elementor-element-7ce4883b elementor-widget elementor-widget-heading\" data-id=\"7ce4883b\" data-element_type=\"widget\" data-widget_type=\"heading.default\">\n<div class=\"elementor-widget-container\">\n<h2 class=\"elementor-heading-title elementor-size-default\">Incluido:<\/h2>\n<\/div>\n<\/div>\n<div class=\"elementor-element elementor-element-dc8a1ce elementor-widget elementor-widget-text-editor\" data-id=\"dc8a1ce\" data-element_type=\"widget\" data-widget_type=\"text-editor.default\">\n<div class=\"elementor-widget-container\">\n<ul>\n<li><strong>Personalized Airport Welcome<\/strong>: Start your Egypt adventure with a warm greeting from our friendly representatives at the airport. They will ensure a seamless beginning to your exploration of ancient wonders.<\/li>\n<li class=\"translation-block\">Traslados Privados: Viaja con total comodidad en traslados privados con aire acondicionado, desde y hacia el aeropuerto, as\u00ed como entre tu alojamiento y los sitios tur\u00edsticos.<\/li>\n<li><strong>Expert English-Speaking Guides<\/strong>: Our professional guides are fluent in English and possess deep knowledge of Egyptology, ensuring you receive a rich educational experience as you explore.<\/li>\n<li><strong>Comprehensive Entrance Fees<\/strong>: Gain seamless access to all sites listed in your itinerary without any hidden costs. We handle all entrance fees so you can focus on enjoying your journey.<\/li>\n<li class=\"translation-block\">\u2714 Bebidas Incluidas: Mantente fresco e hidratado con agua embotellada proporcionada durante tus tours, garantizando tu comodidad bajo el sol egipcio.<\/li>\n<li class=\"translation-block\">\u2714 Precio Todo Incluido: Todos los impuestos y cargos por servicio est\u00e1n incluidos en el precio de tu tour, garantizando una experiencia de viaje transparente y sin costos inesperados.<\/li>\n<\/ul>\n<\/div>\n<\/div>\n<div class=\"elementor-element elementor-element-38459cb elementor-widget elementor-widget-heading\" data-id=\"38459cb\" data-element_type=\"widget\" data-widget_type=\"heading.default\">\n<div class=\"elementor-widget-container\">\n<h2 class=\"elementor-heading-title elementor-size-default\">No incluido<\/h2>\n<\/div>\n<\/div>\n<div class=\"elementor-element elementor-element-9f8afd5 elementor-widget elementor-widget-text-editor\" data-id=\"9f8afd5\" data-element_type=\"widget\" data-widget_type=\"text-editor.default\">\n<div class=\"elementor-widget-container\">\n<ul>\n<li class=\"translation-block\">\u2714 Tours Opcionales: Cualquier tour fuera del itinerario, incluidas excursiones especiales y exploraciones personales, no est\u00e1 incluido y puede reservarse por un costo adicional.<\/li>\n<li class=\"translation-block\">\u2714 Gastos Personales: Los gastos en art\u00edculos personales, souvenirs, bebidas adicionales y otras compras individuales no est\u00e1n incluidos.<\/li>\n<li class=\"translation-block\">\u2714 Propinas: Las gratificaciones para gu\u00edas tur\u00edsticos, personal de crucero y conductores no est\u00e1n incluidas y quedan a tu discreci\u00f3n, seg\u00fan el servicio recibido.<\/li>\n<li class=\"translation-block\">\u2714 Seguro de Viaje: El seguro de viaje no est\u00e1 incluido en tu paquete, pero es fundamental contar con una cobertura completa. Te proteger\u00e1 ante imprevistos, emergencias m\u00e9dicas y cancelaciones de viaje. \u00a1Viaja seguro y sin preocupaciones!<\/li>\n<\/ul>\n<\/div>\n<\/div>\n<\/div>\n<\/div>","protected":false},"excerpt":{"rendered":"<p>Descripci\u00f3n general<\/p>\n<p>\nDiscover the timeless majesty of Egypt\u2019s most iconic symbols on our\u00a0\u201cGiza\u2019s Grandeur: Group Day Tour of the Pyramids-Sphinx.\u201d\u00a0This captivating day tour <\/p>","protected":false},"featured_media":10026,"comment_status":"open","ping_status":"closed","template":"","meta":[],"product_brand":[],"product_cat":[15],"product_tag":[],"class_list":{"0":"post-9904","1":"product","2":"type-product","3":"status-publish","4":"has-post-thumbnail","6":"tour_phys-cairo-day-tours","7":"product_cat-uncategorized","9":"first","10":"instock","11":"sale","12":"shipping-taxable","13":"purchasable","14":"product-type-tour_phys"},"_links":{"self":[{"href":"https:\/\/old.egyptcapitaltravel.com\/es\/wp-json\/wp\/v2\/product\/9904","targetHints":{"allow":["GET"]}}],"collection":[{"href":"https:\/\/old.egyptcapitaltravel.com\/es\/wp-json\/wp\/v2\/product"}],"about":[{"href":"https:\/\/old.egyptcapitaltravel.com\/es\/wp-json\/wp\/v2\/types\/product"}],"replies":[{"embeddable":true,"href":"https:\/\/old.egyptcapitaltravel.com\/es\/wp-json\/wp\/v2\/comments?post=9904"}],"wp:featuredmedia":[{"embeddable":true,"href":"https:\/\/old.egyptcapitaltravel.com\/es\/wp-json\/wp\/v2\/media\/10026"}],"wp:attachment":[{"href":"https:\/\/old.egyptcapitaltravel.com\/es\/wp-json\/wp\/v2\/media?parent=9904"}],"wp:term":[{"taxonomy":"product_brand","embeddable":true,"href":"https:\/\/old.egyptcapitaltravel.com\/es\/wp-json\/wp\/v2\/product_brand?post=9904"},{"taxonomy":"product_cat","embeddable":true,"href":"https:\/\/old.egyptcapitaltravel.com\/es\/wp-json\/wp\/v2\/product_cat?post=9904"},{"taxonomy":"product_tag","embeddable":true,"href":"https:\/\/old.egyptcapitaltravel.com\/es\/wp-json\/wp\/v2\/product_tag?post=9904"}],"curies":[{"name":"wp","href":"https:\/\/api.w.org\/{rel}","templated":true}]}}